{"id":323,"date":"2022-11-14T17:07:01","date_gmt":"2022-11-14T16:07:01","guid":{"rendered":"https:\/\/celeste-josephine-favone.fr\/?page_id=323"},"modified":"2022-11-16T17:25:57","modified_gmt":"2022-11-16T16:25:57","slug":"le-village-de-favone-en-corse","status":"publish","type":"page","link":"https:\/\/celeste-josephine-favone.fr\/index.php\/le-village-de-favone-en-corse\/","title":{"rendered":"Le Village de Favone en Corse"},"content":{"rendered":"\n<div class=\"wp-block-group alignfull has-background has-global-padding is-layout-constrained wp-block-group-is-layout-constrained\" style=\"background-color:#e5e9ec\">\n<div class=\"wp-block-columns is-layout-flex wp-container-core-columns-is-layout-28f84493 wp-block-columns-is-layout-flex\">\n<div class=\"wp-block-column is-vertically-aligned-center is-layout-flow wp-block-column-is-layout-flow\">\n<p><strong>Favone &#8211; Corse<\/strong><\/p>\n\n\n\n<p>Le village de Favone se situe sur la c\u00f4te Est de la Corse. Sur sa plage se m\u00ealent sable blanc et roches rouges, au gr\u00e9 du soleil, la mer prend alors des couleurs turquoises ou azur suivant l\u2019heure de la journ\u00e9e.<\/p>\n\n\n\n<p><br>Dans cette belle station baln\u00e9aire, on y trouve une \u00e9picerie d\u00e9p\u00f4t de pain Le Panier Gourmand o\u00f9 vous pourrez acheter une carte pour le Wifi, des restaurants (A ne pas manquer : Le restaurant du <strong>U VENIQUI<\/strong>, son accueil des plus chaleureux et ses c\u00e9l\u00e8bres pizzas !!) <br>Un centre de plong\u00e9e sous marine, location de kayaks, etc.<\/p>\n\n\n\n<p><br>Id\u00e9alement situ\u00e9e Favone se trouve \u00e0 proximit\u00e9 de la montagne : Les aiguilles de Bavella, la rivi\u00e8re et ses vasques naturelles, le village de Conca avec l&rsquo;arriv\u00e9e du fameux GR 20.<\/p>\n\n\n\n<p><br>Les petits villages typiques de Sari, Quenza o\u00f9 encore Zonza se trouvent \u00e9galement \u00e0 proximit\u00e9, sans oublier les magnifiques plages de Canella, Faut\u00e9a, Pinarello et St Cyprien.<br><\/p>\n\n\n\n<p><strong>AEROPORT DE BASTIA A 1H30<br>AEROPORT DE FIGARI A 45MN<\/strong><\/p>\n\n\n\n<p><strong><br><\/strong>\u2022 PORTO VECCHIO A 20 MN<br>\u2022 SOLENZARA A 15 MN<br>\u2022 BONIFACIO A 1H<\/p>\n\n\n\n<p><\/p>\n\n\n\n<p><\/p>\n\n\n\n<p><\/p>\n\n\n\n<div class=\"wp-block-buttons is-horizontal is-content-justification-left is-layout-flex wp-container-core-buttons-is-layout-20be11b6 wp-block-buttons-is-layout-flex\">\n<div class=\"wp-block-button is-style-fill\"><a class=\"wp-block-button__link has-white-color has-text-color has-background wp-element-button\" href=\"https:\/\/celeste-josephine-favone.fr\/index.php\/contact\/\" style=\"background-color:#3379bf\" target=\"_blank\" rel=\"noreferrer noopener\">Je veux R\u00c9SERVER une villa a favone &#8211; corse<\/a><\/div>\n<\/div>\n\n\n\n<p><\/p>\n<\/div>\n\n\n\n<div class=\"wp-block-column is-layout-flow wp-block-column-is-layout-flow\">\n<figure class=\"wp-block-image size-large img-favone-left\"><img loading=\"lazy\" decoding=\"async\" width=\"474\" height=\"1024\" src=\"https:\/\/celeste-josephine-favone.fr\/wp-content\/uploads\/2022\/11\/Capture-decran-2022-11-14-a-16.49.57-474x1024.png\" alt=\"\" class=\"wp-image-324\" srcset=\"https:\/\/celeste-josephine-favone.fr\/wp-content\/uploads\/2022\/11\/Capture-decran-2022-11-14-a-16.49.57-474x1024.png 474w, https:\/\/celeste-josephine-favone.fr\/wp-content\/uploads\/2022\/11\/Capture-decran-2022-11-14-a-16.49.57-139x300.png 139w, https:\/\/celeste-josephine-favone.fr\/wp-content\/uploads\/2022\/11\/Capture-decran-2022-11-14-a-16.49.57.png 608w\" sizes=\"auto, (max-width: 474px) 100vw, 474px\" \/><\/figure>\n\n\n\n<figure class=\"wp-block-image size-full img-favone-left\"><img loading=\"lazy\" decoding=\"async\" width=\"896\" height=\"598\" src=\"http:\/\/celeste-josephine-favone.fr\/wp-content\/uploads\/2022\/11\/Capture-decran-2022-11-14-a-17.04.34.png\" alt=\"\" class=\"wp-image-325\" srcset=\"https:\/\/celeste-josephine-favone.fr\/wp-content\/uploads\/2022\/11\/Capture-decran-2022-11-14-a-17.04.34.png 896w, https:\/\/celeste-josephine-favone.fr\/wp-content\/uploads\/2022\/11\/Capture-decran-2022-11-14-a-17.04.34-300x200.png 300w, https:\/\/celeste-josephine-favone.fr\/wp-content\/uploads\/2022\/11\/Capture-decran-2022-11-14-a-17.04.34-768x513.png 768w\" sizes=\"auto, (max-width: 896px) 100vw, 896px\" \/><\/figure>\n<\/div>\n<\/div>\n<\/div>\n\n\n\n<h2 class=\"has-text-align-center has-vivid-cyan-blue-color has-text-color wp-block-heading\">Centres d&rsquo;int\u00e9r\u00eat \u00e0 proximit\u00e9<\/h2>\n\n\n\n<h3 class=\"has-vivid-cyan-blue-color has-text-color wp-block-heading\">Montagnes et rivi\u00e8res : Aiguilles de Bavella<\/h3>\n\n\n\n<figure class=\"wp-block-image size-large\"><img loading=\"lazy\" decoding=\"async\" width=\"1024\" height=\"489\" src=\"https:\/\/celeste-josephine-favone.fr\/wp-content\/uploads\/2022\/11\/Capture-decran-2022-11-13-a-23.47.46-1024x489.png\" alt=\"\" class=\"wp-image-243\" srcset=\"https:\/\/celeste-josephine-favone.fr\/wp-content\/uploads\/2022\/11\/Capture-decran-2022-11-13-a-23.47.46-1024x489.png 1024w, https:\/\/celeste-josephine-favone.fr\/wp-content\/uploads\/2022\/11\/Capture-decran-2022-11-13-a-23.47.46-300x143.png 300w, https:\/\/celeste-josephine-favone.fr\/wp-content\/uploads\/2022\/11\/Capture-decran-2022-11-13-a-23.47.46-768x367.png 768w, https:\/\/celeste-josephine-favone.fr\/wp-content\/uploads\/2022\/11\/Capture-decran-2022-11-13-a-23.47.46-1536x734.png 1536w, https:\/\/celeste-josephine-favone.fr\/wp-content\/uploads\/2022\/11\/Capture-decran-2022-11-13-a-23.47.46-2048x978.png 2048w, https:\/\/celeste-josephine-favone.fr\/wp-content\/uploads\/2022\/11\/Capture-decran-2022-11-13-a-23.47.46-2000x955.png 2000w\" sizes=\"auto, (max-width: 1024px) 100vw, 1024px\" \/><\/figure>\n\n\n\n<h3 class=\"has-vivid-cyan-blue-color has-text-color wp-block-heading\">Plages<\/h3>\n\n\n\n<figure class=\"wp-block-image size-large\"><img loading=\"lazy\" decoding=\"async\" width=\"1024\" height=\"568\" src=\"http:\/\/celeste-josephine-favone.fr\/wp-content\/uploads\/2022\/11\/Capture-decran-2022-11-13-a-23.49.18-1024x568.png\" alt=\"\" class=\"wp-image-244\" srcset=\"https:\/\/celeste-josephine-favone.fr\/wp-content\/uploads\/2022\/11\/Capture-decran-2022-11-13-a-23.49.18-1024x568.png 1024w, https:\/\/celeste-josephine-favone.fr\/wp-content\/uploads\/2022\/11\/Capture-decran-2022-11-13-a-23.49.18-300x166.png 300w, https:\/\/celeste-josephine-favone.fr\/wp-content\/uploads\/2022\/11\/Capture-decran-2022-11-13-a-23.49.18-768x426.png 768w, https:\/\/celeste-josephine-favone.fr\/wp-content\/uploads\/2022\/11\/Capture-decran-2022-11-13-a-23.49.18-1536x852.png 1536w, https:\/\/celeste-josephine-favone.fr\/wp-content\/uploads\/2022\/11\/Capture-decran-2022-11-13-a-23.49.18-2048x1136.png 2048w, https:\/\/celeste-josephine-favone.fr\/wp-content\/uploads\/2022\/11\/Capture-decran-2022-11-13-a-23.49.18-2000x1109.png 2000w\" sizes=\"auto, (max-width: 1024px) 100vw, 1024px\" \/><\/figure>\n","protected":false},"excerpt":{"rendered":"<p>Favone &#8211; Corse Le village de Favone se situe sur la c\u00f4te Est de la Corse. Sur sa plage se m\u00ealent sable blanc et roches rouges, au gr\u00e9 du soleil, la mer prend alors des couleurs turquoises ou azur suivant l\u2019heure de la journ\u00e9e. Dans cette belle station baln\u00e9aire, on y trouve une \u00e9picerie d\u00e9p\u00f4t &hellip; <\/p>\n<p class=\"link-more\"><a href=\"https:\/\/celeste-josephine-favone.fr\/index.php\/le-village-de-favone-en-corse\/\" class=\"more-link\">Lire la suite de<span class=\"screen-reader-text\">\u00ab\u00a0Le Village de Favone en Corse\u00a0\u00bb<\/span><\/a><\/p>\n","protected":false},"author":1,"featured_media":0,"parent":0,"menu_order":0,"comment_status":"closed","ping_status":"closed","template":"","meta":{"_joinchat":[],"footnotes":""},"class_list":["post-323","page","type-page","status-publish","hentry"],"_links":{"self":[{"href":"https:\/\/celeste-josephine-favone.fr\/index.php\/wp-json\/wp\/v2\/pages\/323","targetHints":{"allow":["GET"]}}],"collection":[{"href":"https:\/\/celeste-josephine-favone.fr\/index.php\/wp-json\/wp\/v2\/pages"}],"about":[{"href":"https:\/\/celeste-josephine-favone.fr\/index.php\/wp-json\/wp\/v2\/types\/page"}],"author":[{"embeddable":true,"href":"https:\/\/celeste-josephine-favone.fr\/index.php\/wp-json\/wp\/v2\/users\/1"}],"replies":[{"embeddable":true,"href":"https:\/\/celeste-josephine-favone.fr\/index.php\/wp-json\/wp\/v2\/comments?post=323"}],"version-history":[{"count":4,"href":"https:\/\/celeste-josephine-favone.fr\/index.php\/wp-json\/wp\/v2\/pages\/323\/revisions"}],"predecessor-version":[{"id":549,"href":"https:\/\/celeste-josephine-favone.fr\/index.php\/wp-json\/wp\/v2\/pages\/323\/revisions\/549"}],"wp:attachment":[{"href":"https:\/\/celeste-josephine-favone.fr\/index.php\/wp-json\/wp\/v2\/media?parent=323"}],"curies":[{"name":"wp","href":"https:\/\/api.w.org\/{rel}","templated":true}]}}