{"id":331,"date":"2022-11-14T17:12:15","date_gmt":"2022-11-14T16:12:15","guid":{"rendered":"https:\/\/celeste-josephine-favone.fr\/?page_id=331"},"modified":"2022-11-15T20:16:23","modified_gmt":"2022-11-15T19:16:23","slug":"contact","status":"publish","type":"page","link":"https:\/\/celeste-josephine-favone.fr\/index.php\/contact\/","title":{"rendered":"Contact"},"content":{"rendered":"\n<p>Vous pouvez nous contacter directement via Whatsapp (bouton en bas \u00e0 droite de l&rsquo;\u00e9cran) ou nous appeler au <strong>06.40.33.82.78<\/strong>. Si vous souhaitez \u00eatre rappel\u00e9s, laissez nous un message via le formulaire ci-joint.<\/p>\n\n\n","protected":false},"excerpt":{"rendered":"<p>Vous pouvez nous contacter directement via Whatsapp (bouton en bas \u00e0 droite de l&rsquo;\u00e9cran) ou nous appeler au 06.40.33.82.78. Si vous souhaitez \u00eatre rappel\u00e9s, laissez nous un message via le formulaire ci-joint.<\/p>\n","protected":false},"author":1,"featured_media":0,"parent":0,"menu_order":0,"comment_status":"closed","ping_status":"closed","template":"","meta":{"_joinchat":[],"footnotes":""},"class_list":["post-331","page","type-page","status-publish","hentry"],"_links":{"self":[{"href":"https:\/\/celeste-josephine-favone.fr\/index.php\/wp-json\/wp\/v2\/pages\/331","targetHints":{"allow":["GET"]}}],"collection":[{"href":"https:\/\/celeste-josephine-favone.fr\/index.php\/wp-json\/wp\/v2\/pages"}],"about":[{"href":"https:\/\/celeste-josephine-favone.fr\/index.php\/wp-json\/wp\/v2\/types\/page"}],"author":[{"embeddable":true,"href":"https:\/\/celeste-josephine-favone.fr\/index.php\/wp-json\/wp\/v2\/users\/1"}],"replies":[{"embeddable":true,"href":"https:\/\/celeste-josephine-favone.fr\/index.php\/wp-json\/wp\/v2\/comments?post=331"}],"version-history":[{"count":2,"href":"https:\/\/celeste-josephine-favone.fr\/index.php\/wp-json\/wp\/v2\/pages\/331\/revisions"}],"predecessor-version":[{"id":392,"href":"https:\/\/celeste-josephine-favone.fr\/index.php\/wp-json\/wp\/v2\/pages\/331\/revisions\/392"}],"wp:attachment":[{"href":"https:\/\/celeste-josephine-favone.fr\/index.php\/wp-json\/wp\/v2\/media?parent=331"}],"curies":[{"name":"wp","href":"https:\/\/api.w.org\/{rel}","templated":true}]}}